{"id":9306,"date":"2026-02-21T22:18:23","date_gmt":"2026-02-21T20:18:23","guid":{"rendered":"https:\/\/serenity-spa-wellness.com\/tattoo\/"},"modified":"2026-03-05T14:46:05","modified_gmt":"2026-03-05T12:46:05","slug":"tattoo","status":"publish","type":"page","link":"https:\/\/serenity-spa-wellness.com\/de\/tattoo\/","title":{"rendered":"TATTOO"},"content":{"rendered":"\t\t<div data-elementor-type=\"wp-page\" data-elementor-id=\"9306\" class=\"elementor elementor-9306 elementor-9054\" data-elementor-post-type=\"page\">\n\t\t\t\t<div class=\"elementor-element elementor-element-13fc60ef e-flex e-con-boxed e-con e-parent\" data-id=\"13fc60ef\" data-element_type=\"container\" data-e-type=\"container\" data-settings=\"{&quot;background_background&quot;:&quot;classic&quot;}\">\n\t\t\t\t\t<div class=\"e-con-inner\">\n\t\t<div class=\"elementor-element elementor-element-5150cff9 e-flex e-con-boxed e-con e-child\" data-id=\"5150cff9\" data-element_type=\"container\" data-e-type=\"container\">\n\t\t\t\t\t<div class=\"e-con-inner\">\n\t\t\t\t<div class=\"elementor-element elementor-element-7c6cf5f elementor-widget elementor-widget-heading\" data-id=\"7c6cf5f\" data-element_type=\"widget\" data-e-type=\"widget\" data-widget_type=\"heading.default\">\n\t\t\t\t\t<h4 class=\"elementor-heading-title elementor-size-default\">Premium-Tattoo-Kunst mit beratungsbasierter Gestaltung und hygienefokussierter Arbeitsweise.<\/h4>\t\t\t\t<\/div>\n\t\t\t\t\t<\/div>\n\t\t\t\t<\/div>\n\t\t\t\t\t<\/div>\n\t\t\t\t<\/div>\n\t\t<div class=\"elementor-element elementor-element-120d82e3 e-flex e-con-boxed e-con e-parent\" data-id=\"120d82e3\" data-element_type=\"container\" data-e-type=\"container\">\n\t\t\t\t\t<div class=\"e-con-inner\">\n\t\t\t\t<div class=\"elementor-element elementor-element-222cb55b elementor-grid-2 elementor-grid-tablet-2 elementor-grid-mobile-1 elementor-widget elementor-widget-loop-grid\" data-id=\"222cb55b\" data-element_type=\"widget\" data-e-type=\"widget\" data-settings=\"{&quot;template_id&quot;:9458,&quot;columns&quot;:2,&quot;_skin&quot;:&quot;post&quot;,&quot;columns_tablet&quot;:&quot;2&quot;,&quot;columns_mobile&quot;:&quot;1&quot;,&quot;edit_handle_selector&quot;:&quot;[data-elementor-type=\\&quot;loop-item\\&quot;]&quot;,&quot;row_gap&quot;:{&quot;unit&quot;:&quot;px&quot;,&quot;size&quot;:&quot;&quot;,&quot;sizes&quot;:[]},&quot;row_gap_tablet&quot;:{&quot;unit&quot;:&quot;px&quot;,&quot;size&quot;:&quot;&quot;,&quot;sizes&quot;:[]},&quot;row_gap_mobile&quot;:{&quot;unit&quot;:&quot;px&quot;,&quot;size&quot;:&quot;&quot;,&quot;sizes&quot;:[]}}\" data-widget_type=\"loop-grid.post\">\n\t\t\t\t<div class=\"elementor-widget-container\">\n\t\t\t\t\t\t\t<div class=\"elementor-loop-container elementor-grid\" role=\"list\">\n\t\t<style id=\"loop-9458\">.elementor-9458 .elementor-element.elementor-element-6d724e8{--display:flex;--flex-direction:column;--container-widget-width:100%;--container-widget-height:initial;--container-widget-flex-grow:0;--container-widget-align-self:initial;--flex-wrap-mobile:wrap;--border-radius:12px 12px 12px 12px;--padding-top:15px;--padding-bottom:15px;--padding-left:10px;--padding-right:10px;}.elementor-9458 .elementor-element.elementor-element-6d724e8:not(.elementor-motion-effects-element-type-background), .elementor-9458 .elementor-element.elementor-element-6d724e8 > .elementor-motion-effects-container > .elementor-motion-effects-layer{background-color:var( --e-global-color-745815e );}.elementor-widget-image .widget-image-caption{color:var( --e-global-color-text );font-family:var( --e-global-typography-text-font-family ), Sans-serif;font-weight:var( --e-global-typography-text-font-weight );}.elementor-9458 .elementor-element.elementor-element-690cb14 img{border-radius:12px 12px 12px 12px;}.elementor-widget-theme-post-title .elementor-heading-title{font-family:var( --e-global-typography-primary-font-family ), Sans-serif;font-weight:var( --e-global-typography-primary-font-weight );color:var( --e-global-color-primary );}.elementor-9458 .elementor-element.elementor-element-eee59ef{text-align:center;}.elementor-9458 .elementor-element.elementor-element-eee59ef .elementor-heading-title{font-family:\"Roboto\", Sans-serif;font-size:21px;font-weight:600;}.elementor-9458 .elementor-element.elementor-element-6f8e56f{--display:flex;--flex-direction:row;--container-widget-width:initial;--container-widget-height:100%;--container-widget-flex-grow:1;--container-widget-align-self:stretch;--flex-wrap-mobile:wrap;--justify-content:space-between;--gap:20px 20px;--row-gap:20px;--column-gap:20px;--padding-top:1%;--padding-bottom:1%;--padding-left:10%;--padding-right:10%;}.elementor-widget-heading .elementor-heading-title{font-family:var( --e-global-typography-primary-font-family ), Sans-serif;font-weight:var( --e-global-typography-primary-font-weight );color:var( --e-global-color-primary );}.elementor-9458 .elementor-element.elementor-element-6e58622 .elementor-heading-title{font-family:\"Roboto\", Sans-serif;font-size:21px;font-weight:600;}.elementor-9458 .elementor-element.elementor-element-defa405 .elementor-heading-title{font-family:\"Roboto\", Sans-serif;font-size:21px;font-weight:600;}.elementor-widget-text-editor{font-family:var( --e-global-typography-text-font-family ), Sans-serif;font-weight:var( --e-global-typography-text-font-weight );color:var( --e-global-color-text );}.elementor-widget-text-editor.elementor-drop-cap-view-stacked .elementor-drop-cap{background-color:var( --e-global-color-primary );}.elementor-widget-text-editor.elementor-drop-cap-view-framed .elementor-drop-cap, .elementor-widget-text-editor.elementor-drop-cap-view-default .elementor-drop-cap{color:var( --e-global-color-primary );border-color:var( --e-global-color-primary );}.elementor-widget-button .elementor-button{font-family:var( --e-global-typography-accent-font-family ), Sans-serif;font-weight:var( --e-global-typography-accent-font-weight );background-color:var( --e-global-color-accent );}.elementor-9458 .elementor-element.elementor-element-84e993d .elementor-button{background-color:var( --e-global-color-808db1a );}\/* Start custom CSS for theme-post-title, class: .elementor-element-eee59ef *\/.elementor-9458 .elementor-element.elementor-element-eee59ef  \r\n{ display: -webkit-box;\r\n  -webkit-box-orient: vertical;\r\n  -webkit-line-clamp: 1;\r\n  overflow: hidden;\r\n  text-overflow: ellipsis;\r\n  white-space: normal;\r\n  color: ;\r\n}\/* End custom CSS *\/\n\/* Start custom CSS for text-editor, class: .elementor-element-8265069 *\/.elementor-9458 .elementor-element.elementor-element-8265069 {\r\n  display: -webkit-box;\r\n  -webkit-box-orient: vertical;\r\n  -webkit-line-clamp: 2;\r\n  overflow: hidden;\r\n}\/* End custom CSS *\/<\/style>\t\t<div data-elementor-type=\"loop-item\" data-elementor-id=\"9458\" class=\"elementor elementor-9458 elementor-8841 elementor-8841 e-loop-item e-loop-item-9380 post-9380 package type-package status-publish has-post-thumbnail hentry package-category-tatoo\" data-elementor-post-type=\"elementor_library\" data-custom-edit-handle=\"1\">\n\t\t\t<div class=\"elementor-element elementor-element-6d724e8 e-flex e-con-boxed e-con e-parent\" data-id=\"6d724e8\" data-element_type=\"container\" data-e-type=\"container\" data-settings=\"{&quot;background_background&quot;:&quot;classic&quot;}\">\n\t\t\t\t\t<div class=\"e-con-inner\">\n\t\t\t\t<div class=\"elementor-element elementor-element-690cb14 elementor-widget elementor-widget-image\" data-id=\"690cb14\" data-element_type=\"widget\" data-e-type=\"widget\" data-widget_type=\"image.default\">\n\t\t\t\t\t\t\t\t\t\t\t\t\t\t\t\t<a href=\"https:\/\/serenity-spa-wellness.com\/de\/package\/ink-art-das-permanente-signatur-ritual\/\">\n\t\t\t\t\t\t\t<img fetchpriority=\"high\" decoding=\"async\" width=\"525\" height=\"394\" src=\"https:\/\/serenity-spa-wellness.com\/wp-content\/uploads\/2026\/01\/TATOO-7.webp\" class=\"attachment-large size-large wp-image-9381\" alt=\"Ink &amp; Art: Das permanente Signatur-Ritual\" srcset=\"https:\/\/serenity-spa-wellness.com\/wp-content\/uploads\/2026\/01\/TATOO-7.webp 1000w, https:\/\/serenity-spa-wellness.com\/wp-content\/uploads\/2026\/01\/TATOO-7-300x225.webp 300w, https:\/\/serenity-spa-wellness.com\/wp-content\/uploads\/2026\/01\/TATOO-7-768x576.webp 768w, https:\/\/serenity-spa-wellness.com\/wp-content\/uploads\/2026\/01\/TATOO-7-600x450.webp 600w\" sizes=\"(max-width: 525px) 100vw, 525px\" \/>\t\t\t\t\t\t\t\t<\/a>\n\t\t\t\t\t\t\t\t\t\t\t\t\t\t\t<\/div>\n\t\t\t\t<div class=\"elementor-element elementor-element-eee59ef elementor-widget elementor-widget-theme-post-title elementor-page-title elementor-widget-heading\" data-id=\"eee59ef\" data-element_type=\"widget\" data-e-type=\"widget\" data-widget_type=\"theme-post-title.default\">\n\t\t\t\t\t<h2 class=\"elementor-heading-title elementor-size-default\"><a href=\"https:\/\/serenity-spa-wellness.com\/de\/package\/ink-art-das-permanente-signatur-ritual\/\">Ink &amp; Art: Das permanente Signatur-Ritual<\/a><\/h2>\t\t\t\t<\/div>\n\t\t<div class=\"elementor-element elementor-element-6f8e56f e-con-full e-flex e-con e-child\" data-id=\"6f8e56f\" data-element_type=\"container\" data-e-type=\"container\">\n\t\t\t\t<\/div>\n\t\t\t\t<div class=\"elementor-element elementor-element-8265069 elementor-widget elementor-widget-text-editor\" data-id=\"8265069\" data-element_type=\"widget\" data-e-type=\"widget\" data-widget_type=\"text-editor.default\">\n\t\t\t\t\t\t\t\t\t<p>\u201eIhr K\u00f6rper ist eine Leinwand, und im Serenity Spa behandeln wir ihn mit der Wertsch\u00e4tzung eines Meisterwerks.\u201c Unser permanentes Tattoo-Studio vereint k\u00fcnstlerische Exzellenz mit Sicherheitsstandards in medizinischer Qualit\u00e4t. Wir verwenden nur hochwertige, hypoallergene Pigmente und modernste Pr\u00e4zisionstechnologie f\u00fcr ein makelloses, langlebiges Ergebnis.Egal, ob Sie ein minimalistisches Symbol oder ein komplexes Kunstwerk w\u00fcnschen \u2013 unsere Weltklasse-K\u00fcnstler [&hellip;]<\/p>\n\t\t\t\t\t\t\t\t<\/div>\n\t\t\t\t<div class=\"elementor-element elementor-element-84e993d elementor-align-justify elementor-widget elementor-widget-button\" data-id=\"84e993d\" data-element_type=\"widget\" data-e-type=\"widget\" data-widget_type=\"button.default\">\n\t\t\t\t\t\t\t\t\t\t<a class=\"elementor-button elementor-button-link elementor-size-sm\" href=\"https:\/\/serenity-spa-wellness.com\/de\/package\/ink-art-das-permanente-signatur-ritual\/\">\n\t\t\t\t\t\t<span class=\"elementor-button-content-wrapper\">\n\t\t\t\t\t\t\t\t\t<span class=\"elementor-button-text\">Mehr erfahren<\/span>\n\t\t\t\t\t<\/span>\n\t\t\t\t\t<\/a>\n\t\t\t\t\t\t\t\t<\/div>\n\t\t\t\t\t<\/div>\n\t\t\t\t<\/div>\n\t\t\t\t<\/div>\n\t\t\t\t<\/div>\n\t\t\n\t\t\t\t\t\t<\/div>\n\t\t\t\t<\/div>\n\t\t\t\t\t<\/div>\n\t\t\t\t<\/div>\n\t\t<div class=\"elementor-element elementor-element-712dcb3d e-flex e-con-boxed e-con e-parent\" data-id=\"712dcb3d\" data-element_type=\"container\" data-e-type=\"container\">\n\t\t\t\t\t<div class=\"e-con-inner\">\n\t\t<div class=\"elementor-element elementor-element-4c910a72 e-con-full e-flex e-con e-child\" data-id=\"4c910a72\" data-element_type=\"container\" data-e-type=\"container\" data-settings=\"{&quot;background_background&quot;:&quot;classic&quot;}\">\n\t\t\t\t<div class=\"elementor-element elementor-element-425a7805 elementor-widget elementor-widget-image\" data-id=\"425a7805\" data-element_type=\"widget\" data-e-type=\"widget\" data-widget_type=\"image.default\">\n\t\t\t\t\t\t\t\t\t\t\t\t\t\t\t<img decoding=\"async\" width=\"1000\" height=\"750\" src=\"https:\/\/serenity-spa-wellness.com\/wp-content\/uploads\/2026\/01\/TATOO-7.webp\" class=\"attachment-full size-full wp-image-9381\" alt=\"Ink &amp; Art: Das permanente Signatur-Ritual\" srcset=\"https:\/\/serenity-spa-wellness.com\/wp-content\/uploads\/2026\/01\/TATOO-7.webp 1000w, https:\/\/serenity-spa-wellness.com\/wp-content\/uploads\/2026\/01\/TATOO-7-300x225.webp 300w, https:\/\/serenity-spa-wellness.com\/wp-content\/uploads\/2026\/01\/TATOO-7-768x576.webp 768w, https:\/\/serenity-spa-wellness.com\/wp-content\/uploads\/2026\/01\/TATOO-7-600x450.webp 600w\" sizes=\"(max-width: 1000px) 100vw, 1000px\" \/>\t\t\t\t\t\t\t\t\t\t\t\t\t\t\t<\/div>\n\t\t\t\t<div class=\"elementor-element elementor-element-74a52cd4 elementor-absolute elementor-widget elementor-widget-image\" data-id=\"74a52cd4\" data-element_type=\"widget\" data-e-type=\"widget\" data-settings=\"{&quot;_position&quot;:&quot;absolute&quot;}\" data-widget_type=\"image.default\">\n\t\t\t\t\t\t\t\t\t\t\t\t\t\t\t<img decoding=\"async\" width=\"168\" height=\"653\" src=\"https:\/\/serenity-spa-wellness.com\/wp-content\/uploads\/2026\/02\/Img_07-e1753262053707.png\" class=\"attachment-full size-full wp-image-9308\" alt=\"\" srcset=\"https:\/\/serenity-spa-wellness.com\/wp-content\/uploads\/2026\/02\/Img_07-e1753262053707.png 168w, https:\/\/serenity-spa-wellness.com\/wp-content\/uploads\/2026\/02\/Img_07-e1753262053707-77x300.png 77w\" sizes=\"(max-width: 168px) 100vw, 168px\" \/>\t\t\t\t\t\t\t\t\t\t\t\t\t\t\t<\/div>\n\t\t<div class=\"elementor-element elementor-element-58693ee2 e-con-full e-flex e-con e-child\" data-id=\"58693ee2\" data-element_type=\"container\" data-e-type=\"container\" data-settings=\"{&quot;background_background&quot;:&quot;classic&quot;,&quot;position&quot;:&quot;absolute&quot;}\">\n\t\t<div class=\"elementor-element elementor-element-19232b64 e-con-full e-flex e-con e-child\" data-id=\"19232b64\" data-element_type=\"container\" data-e-type=\"container\">\n\t\t\t\t<div class=\"elementor-element elementor-element-73a76dc4 elementor-widget__width-auto elementor-widget elementor-widget-heading\" data-id=\"73a76dc4\" data-element_type=\"widget\" data-e-type=\"widget\" data-widget_type=\"heading.default\">\n\t\t\t\t\t<div class=\"elementor-heading-title elementor-size-default\">Hervorragender Service<\/div>\t\t\t\t<\/div>\n\t\t\t\t<div class=\"elementor-element elementor-element-116a598a elementor-widget elementor-widget-heading\" data-id=\"116a598a\" data-element_type=\"widget\" data-e-type=\"widget\" data-widget_type=\"heading.default\">\n\t\t\t\t\t<div class=\"elementor-heading-title elementor-size-default\">4.7<\/div>\t\t\t\t<\/div>\n\t\t\t\t<div class=\"elementor-element elementor-element-4d322c08 elementor-widget__width-auto elementor-widget elementor-widget-rating\" data-id=\"4d322c08\" data-element_type=\"widget\" data-e-type=\"widget\" data-widget_type=\"rating.default\">\n\t\t\t\t\t\t\t<div class=\"e-rating\" itemtype=\"https:\/\/schema.org\/Rating\" itemscope=\"\" itemprop=\"reviewRating\">\n\t\t\t<meta itemprop=\"worstRating\" content=\"0\">\n\t\t\t<meta itemprop=\"bestRating\" content=\"5\">\n\t\t\t<div class=\"e-rating-wrapper\" itemprop=\"ratingValue\" content=\"4\" role=\"img\" aria-label=\"Bewertet mit 4 von 5\">\n\t\t\t\t\t\t\t<div class=\"e-icon\">\n\t\t\t\t<div class=\"e-icon-wrapper e-icon-marked\">\n\t\t\t\t\t<i aria-hidden=\"true\" class=\" ti-star\"><\/i>\t\t\t\t<\/div>\n\t\t\t\t<div class=\"e-icon-wrapper e-icon-unmarked\">\n\t\t\t\t\t<i aria-hidden=\"true\" class=\" ti-star\"><\/i>\t\t\t\t<\/div>\n\t\t\t<\/div>\n\t\t\t\t\t\t<div class=\"e-icon\">\n\t\t\t\t<div class=\"e-icon-wrapper e-icon-marked\">\n\t\t\t\t\t<i aria-hidden=\"true\" class=\" ti-star\"><\/i>\t\t\t\t<\/div>\n\t\t\t\t<div class=\"e-icon-wrapper e-icon-unmarked\">\n\t\t\t\t\t<i aria-hidden=\"true\" class=\" ti-star\"><\/i>\t\t\t\t<\/div>\n\t\t\t<\/div>\n\t\t\t\t\t\t<div class=\"e-icon\">\n\t\t\t\t<div class=\"e-icon-wrapper e-icon-marked\">\n\t\t\t\t\t<i aria-hidden=\"true\" class=\" ti-star\"><\/i>\t\t\t\t<\/div>\n\t\t\t\t<div class=\"e-icon-wrapper e-icon-unmarked\">\n\t\t\t\t\t<i aria-hidden=\"true\" class=\" ti-star\"><\/i>\t\t\t\t<\/div>\n\t\t\t<\/div>\n\t\t\t\t\t\t<div class=\"e-icon\">\n\t\t\t\t<div class=\"e-icon-wrapper e-icon-marked\">\n\t\t\t\t\t<i aria-hidden=\"true\" class=\" ti-star\"><\/i>\t\t\t\t<\/div>\n\t\t\t\t<div class=\"e-icon-wrapper e-icon-unmarked\">\n\t\t\t\t\t<i aria-hidden=\"true\" class=\" ti-star\"><\/i>\t\t\t\t<\/div>\n\t\t\t<\/div>\n\t\t\t\t\t\t<div class=\"e-icon\">\n\t\t\t\t<div class=\"e-icon-wrapper e-icon-marked\" style=\"--e-rating-icon-marked-width: 0%;\">\n\t\t\t\t\t<i aria-hidden=\"true\" class=\" ti-star\"><\/i>\t\t\t\t<\/div>\n\t\t\t\t<div class=\"e-icon-wrapper e-icon-unmarked\">\n\t\t\t\t\t<i aria-hidden=\"true\" class=\" ti-star\"><\/i>\t\t\t\t<\/div>\n\t\t\t<\/div>\n\t\t\t\t\t\t<\/div>\n\t\t<\/div>\n\t\t\t\t\t\t<\/div>\n\t\t\t\t<div class=\"elementor-element elementor-element-1d6ee0e elementor-widget elementor-widget-heading\" data-id=\"1d6ee0e\" data-element_type=\"widget\" data-e-type=\"widget\" data-widget_type=\"heading.default\">\n\t\t\t\t\t<div class=\"elementor-heading-title elementor-size-default\">Kundenbewertungen<\/div>\t\t\t\t<\/div>\n\t\t\t\t<\/div>\n\t\t\t\t<div class=\"elementor-element elementor-element-3c74587e elementor-widget__width-inherit elementor-widget elementor-widget-heading\" data-id=\"3c74587e\" data-element_type=\"widget\" data-e-type=\"widget\" data-widget_type=\"heading.default\">\n\t\t\t\t\t<div class=\"elementor-heading-title elementor-size-default\">Top-Unternehmen<\/div>\t\t\t\t<\/div>\n\t\t\t\t<\/div>\n\t\t\t\t<\/div>\n\t\t<div class=\"elementor-element elementor-element-13dcfcbe e-con-full e-flex e-con e-child\" data-id=\"13dcfcbe\" data-element_type=\"container\" data-e-type=\"container\">\n\t\t\t\t<div class=\"elementor-element elementor-element-32d74d5c elementor-widget elementor-widget-heading\" data-id=\"32d74d5c\" data-element_type=\"widget\" data-e-type=\"widget\" data-widget_type=\"heading.default\">\n\t\t\t\t\t<h6 class=\"elementor-heading-title elementor-size-default\">Unsere Leistungen<\/h6>\t\t\t\t<\/div>\n\t\t\t\t<div class=\"elementor-element elementor-element-1f8e61db elementor-widget elementor-widget-heading\" data-id=\"1f8e61db\" data-element_type=\"widget\" data-e-type=\"widget\" data-widget_type=\"heading.default\">\n\t\t\t\t\t<h2 class=\"elementor-heading-title elementor-size-default\">Entfliehen Sie dem Stress und finden Sie zur\u00fcck zu Ihrer inneren Ruhe<\/h2>\t\t\t\t<\/div>\n\t\t\t\t<div class=\"elementor-element elementor-element-7e00aeb3 elementor-widget elementor-widget-heading\" data-id=\"7e00aeb3\" data-element_type=\"widget\" data-e-type=\"widget\" data-widget_type=\"heading.default\">\n\t\t\t\t\t<div class=\"elementor-heading-title elementor-size-default\">Pulvinar ac suscipit aptent consequat dolor magna. Diam commodo viverra fringilla per senectus tellus placerat risus habitant nisi dictumst. <\/div>\t\t\t\t<\/div>\n\t\t\t\t<div class=\"elementor-element elementor-element-1985ec99 elementor-widget elementor-widget-button\" data-id=\"1985ec99\" data-element_type=\"widget\" data-e-type=\"widget\" data-widget_type=\"button.default\">\n\t\t\t\t\t\t\t\t\t\t<a class=\"elementor-button elementor-button-link elementor-size-sm\" href=\"https:\/\/api.whatsapp.com\/send?phone=201225225444&#038;text=Programs%20:%20POST_TITLE\" target=\"_blank\" rel=\"noopener\">\n\t\t\t\t\t\t<span class=\"elementor-button-content-wrapper\">\n\t\t\t\t\t\t\t\t\t<span class=\"elementor-button-text\">Mehr entdecken<\/span>\n\t\t\t\t\t<\/span>\n\t\t\t\t\t<\/a>\n\t\t\t\t\t\t\t\t<\/div>\n\t\t\t\t<\/div>\n\t\t\t\t\t<\/div>\n\t\t\t\t<\/div>\n\t\t<div class=\"elementor-element elementor-element-75266939 e-flex e-con-boxed e-con e-parent\" data-id=\"75266939\" data-element_type=\"container\" data-e-type=\"container\" data-settings=\"{&quot;background_background&quot;:&quot;classic&quot;}\">\n\t\t\t\t\t<div class=\"e-con-inner\">\n\t\t<div class=\"elementor-element elementor-element-8ab107b e-flex e-con-boxed e-con e-child\" data-id=\"8ab107b\" data-element_type=\"container\" data-e-type=\"container\">\n\t\t\t\t\t<div class=\"e-con-inner\">\n\t\t\t\t<div class=\"elementor-element elementor-element-11af076a elementor-widget elementor-widget-heading\" data-id=\"11af076a\" data-element_type=\"widget\" data-e-type=\"widget\" data-widget_type=\"heading.default\">\n\t\t\t\t\t<h2 class=\"elementor-heading-title elementor-size-default\">Entdecken Sie noch heute vollkommene Entspannung mit individuell abgestimmter Spa-Pflege<\/h2>\t\t\t\t<\/div>\n\t\t\t\t<div class=\"elementor-element elementor-element-763a985 elementor-align-center elementor-mobile-align-center elementor-widget elementor-widget-button\" data-id=\"763a985\" data-element_type=\"widget\" data-e-type=\"widget\" data-widget_type=\"button.default\">\n\t\t\t\t\t\t\t\t\t\t<a class=\"elementor-button elementor-button-link elementor-size-sm\" href=\"https:\/\/api.whatsapp.com\/send?phone=201225225444&#038;text=Programs%20:%20POST_TITLE\" target=\"_blank\" rel=\"noopener\">\n\t\t\t\t\t\t<span class=\"elementor-button-content-wrapper\">\n\t\t\t\t\t\t<span class=\"elementor-button-icon\">\n\t\t\t\t<i aria-hidden=\"true\" class=\" arrow_carrot-right\"><\/i>\t\t\t<\/span>\n\t\t\t\t\t\t\t\t\t<span class=\"elementor-button-text\">Mehr entdecken<\/span>\n\t\t\t\t\t<\/span>\n\t\t\t\t\t<\/a>\n\t\t\t\t\t\t\t\t<\/div>\n\t\t\t\t\t<\/div>\n\t\t\t\t<\/div>\n\t\t\t\t\t<\/div>\n\t\t\t\t<\/div>\n\t\t\t\t<\/div>\n\t\t","protected":false},"excerpt":{"rendered":"<p>Premium-Tattoo-Kunst mit beratungsbasierter Gestaltung und hygienefokussierter Arbeitsweise. Hervorragender Service 4.7 Kundenbewertungen Top-Unternehmen Unsere Leistungen Entfliehen Sie dem Stress und finden Sie zur\u00fcck zu Ihrer inneren Ruhe Pulvinar ac suscipit aptent consequat dolor magna. Diam commodo viverra fringilla per senectus tellus placerat risus habitant nisi dictumst. Mehr entdecken Entdecken Sie noch heute vollkommene Entspannung mit individuell [&hellip;]<\/p>\n","protected":false},"author":1,"featured_media":9823,"parent":0,"menu_order":0,"comment_status":"closed","ping_status":"closed","template":"elementor_header_footer","meta":{"_acf_changed":false,"footnotes":""},"class_list":["post-9306","page","type-page","status-publish","has-post-thumbnail","hentry"],"acf":[],"_links":{"self":[{"href":"https:\/\/serenity-spa-wellness.com\/de\/wp-json\/wp\/v2\/pages\/9306","targetHints":{"allow":["GET"]}}],"collection":[{"href":"https:\/\/serenity-spa-wellness.com\/de\/wp-json\/wp\/v2\/pages"}],"about":[{"href":"https:\/\/serenity-spa-wellness.com\/de\/wp-json\/wp\/v2\/types\/page"}],"author":[{"embeddable":true,"href":"https:\/\/serenity-spa-wellness.com\/de\/wp-json\/wp\/v2\/users\/1"}],"replies":[{"embeddable":true,"href":"https:\/\/serenity-spa-wellness.com\/de\/wp-json\/wp\/v2\/comments?post=9306"}],"version-history":[{"count":7,"href":"https:\/\/serenity-spa-wellness.com\/de\/wp-json\/wp\/v2\/pages\/9306\/revisions"}],"predecessor-version":[{"id":9842,"href":"https:\/\/serenity-spa-wellness.com\/de\/wp-json\/wp\/v2\/pages\/9306\/revisions\/9842"}],"wp:featuredmedia":[{"embeddable":true,"href":"https:\/\/serenity-spa-wellness.com\/de\/wp-json\/wp\/v2\/media\/9823"}],"wp:attachment":[{"href":"https:\/\/serenity-spa-wellness.com\/de\/wp-json\/wp\/v2\/media?parent=9306"}],"curies":[{"name":"wp","href":"https:\/\/api.w.org\/{rel}","templated":true}]}}